{"id":419,"date":"2023-08-08T06:41:34","date_gmt":"2023-08-08T06:41:34","guid":{"rendered":"https:\/\/oemg-tagung-2023.at\/?page_id=419"},"modified":"2023-09-08T12:29:15","modified_gmt":"2023-09-08T12:29:15","slug":"venue","status":"publish","type":"page","link":"https:\/\/oemg-tagung-2023.at\/venue","title":{"rendered":"Venue"},"content":{"rendered":"\n<p>The conference will take place in the building Anglistik\/Geographie\/Mathematik, Heinrichstra\u00dfe 36, 8010 Graz, at the main campus of the University of Graz, as well as in the neighboring building &#8220;Heizhaus&#8221;. A campus map as well as useful information on how to get to the conference venue can be found <a rel=\"noreferrer noopener\" href=\"https:\/\/oemg-tagung-2023.at\/wp-content\/uploads\/2023\/03\/mo_campusmap.pdf\" target=\"_blank\">here<\/a>. <\/p>\n\n\n\n<p>Registration and plenary talks and the public lecture will be located in the &#8220;Heizhaus&#8221;, coffee breaks and most<br>other talks will take place in Heinrichstra\u00dfe 36, ground floor. A detailed map can be downloaded <a href=\"https:\/\/oemg-tagung-2023.at\/wp-content\/uploads\/2023\/09\/venue-map.pdf\">here<\/a>.<\/p>\n\n\n\n<h2 class=\"wp-block-heading\">Reception<\/h2>\n\n\n\n<p>The reception &#8211; sponsored by the mayor of Graz, Elke Kahr &#8211; will happen at the &#8220;Meerscheinschl\u00f6ssl&#8221;, Mozartgasse 3, less than 5 minutes from the conference site.<\/p>\n\n\n\n<h2 class=\"wp-block-heading\">Conference dinner<\/h2>\n\n\n\n<p>We booked the <a href=\"https:\/\/schloss.aiola.at\">&#8220;Aiola im Schloss Sankt Veit&#8221;<\/a> for our conference dinner. <\/p>\n\n\n\n<h2 class=\"wp-block-heading\">Lunch<\/h2>\n\n\n\n<p>There is the Uni-Cafe on the ground floor of Heinrichstra\u00dfe 6, which offers high quality lunch. However, space is limited there. Apart from that, there is a number of good restaurants close to the conference venue. Here is a non-exhaustive list:  <\/p>\n\n\n\n<ul>\n<li><a href=\"https:\/\/www.dasliebig.at\">Das Liebig<\/a> (Sustainable, regional) <\/li>\n\n\n\n<li><a href=\"https:\/\/www.3goldenekugeln.at\/filiale\/graz-heinrichstrasse\/\">Die drei goldenen Kugeln<\/a> (Austrian\/Schnitzel)<\/li>\n\n\n\n<li><a href=\"https:\/\/galliano.cc\">Galliano<\/a> (Pizza)<\/li>\n\n\n\n<li><a href=\"https:\/\/www.facebook.com\/people\/Pad-Thai-Graz\/100046869112134\/\">Pad Thai<\/a> (Thai)<\/li>\n\n\n\n<li><a href=\"https:\/\/www.sakanagraz.at\/\">Sakana<\/a> (Japanese\/Sushi)<\/li>\n\n\n\n<li><a href=\"https:\/\/skurril22.com\">Skurril 22<\/a> (Austrian)<\/li>\n\n\n\n<li>Uni Eno, Heinrichstra\u00dfe 51 (Italienisch) <\/li>\n\n\n\n<li><a href=\"https:\/\/www.gasthaus-zum-weissen-kreuz.at\">Wei\u00dfes Kreuz<\/a> (Austrian) <\/li>\n<\/ul>\n\n\n\n<p>There is also a number of Restaurants in the Zinzendorfgasse, which is kind of the inofficial mensa of the KFU, and the official mensa at Sonnenfelsplatz. Even closer to the venue, in Heinrichstra\u00dfe, there are some D\u00f6ner shops and other smaller restaurants.<\/p>\n","protected":false},"excerpt":{"rendered":"<p>The conference will take place in the building Anglistik\/Geographie\/Mathematik, Heinrichstra\u00dfe 36, 8010 Graz, at the main campus of the University of Graz, as well as in the neighboring building &#8220;Heizhaus&#8221;. A campus map as well as useful information on how to get to the conference venue can be found here. Registration and plenary talks and [&hellip;]<\/p>\n","protected":false},"author":1,"featured_media":0,"parent":0,"menu_order":0,"comment_status":"closed","ping_status":"closed","template":"","meta":{"footnotes":""},"jetpack_sharing_enabled":true,"jetpack-related-posts":[{"id":322,"url":"https:\/\/oemg-tagung-2023.at\/programm","url_meta":{"origin":419,"position":0},"title":"Program","author":"oemg-admin","date":"15. February 2023","format":false,"excerpt":"Scientific program MondayTuesdayWednesdayThursdayFridaySep 18Sep 19Sep 20Sep 21Sep 22RegistrationRegistrationRegistrationRegistrationRegistration9:00-10:00Opening\/SchnassAlbrecherHairerBeiglb\u00f6ckWernerTeachers\u2019 dayCoffeeCoffeeCoffeeCoffeeCoffee10:30-11:30Mini symposia &Contributed talksMini symposia &Contributed talksSauermannMini symposia &Contributed talksMini symposia &Contributed talksMS & contr.talks13:30-14:00\u00d6MG Award ceremony14:00-15:00ScheichlR\u00fclandExcursionSchindler\u00d6MG Award lecturesCoffeeCoffeeCoffeeCoffeeMini symposia &Contributed talksMini symposia &Contributed talksMini symposia &Contributed talks\u00d6MG Award lectures17:00-18:00General assemblyReceptionDinnerPublic lecture A detailed schedule with names is included in the files\u2026","rel":"","context":"Similar post","block_context":{"text":"Similar post","link":""},"img":{"alt_text":"","src":"","width":0,"height":0},"classes":[]},{"id":7,"url":"https:\/\/oemg-tagung-2023.at\/","url_meta":{"origin":419,"position":1},"title":"Home","author":"oemg-admin","date":"13. September 2022","format":false,"excerpt":"\u00d6MG Meeting 2023 Graz, September 18-22, 2023 The biennial meeting of the Austrian Mathematical Society will be jointly organized by Karl-Franzens-University (KFU) and Graz University of Technology (TUG) in 2023. The venue of the meeting will be KFU. On Friday 22 September, the \u00d6MG Teachers' Day will be held as\u2026","rel":"","context":"Similar post","block_context":{"text":"Similar post","link":""},"img":{"alt_text":"","src":"","width":0,"height":0},"classes":[]},{"id":277,"url":"https:\/\/oemg-tagung-2023.at\/unterkuenfte","url_meta":{"origin":419,"position":2},"title":"Accommodation","author":"oemg-admin","date":"7. February 2023","format":false,"excerpt":"The following hotels have reserved allotments for conference participants: Austria Trend Hotel Graz https:\/\/www.austria-trend.at\/de\/hotels\/europa-graz Grand H\u00f4tel Wiesler https:\/\/grandhotelwiesler.com Hotel Feichtinger https:\/\/www.hotel-feichtinger.at\/cityhotel-graz\/hotel\/ Hotel Mariahilf https:\/\/hotelmariahilf.atBooking with Reference \"Mathematiker September\" Hotel Mercure Graz City https:\/\/all.accor.com\/hotel\/5742\/index.de.shtml Hotel Weitzer https:\/\/hotelweitzer.com Motel One Graz https:\/\/www.motel-one.com\/de\/hotels\/graz\/hotel-graz\/Please use this Form: Abrufformular-MO","rel":"","context":"Similar post","block_context":{"text":"Similar post","link":""},"img":{"alt_text":"","src":"","width":0,"height":0},"classes":[]},{"id":227,"url":"https:\/\/oemg-tagung-2023.at\/registrierung","url_meta":{"origin":419,"position":3},"title":"Registration","author":"oemg-admin","date":"26. January 2023","format":false,"excerpt":"Registration for the \u00d6MG-conference is closed. Conference fees Early\u00a0\u00a0(before 31.05.2023)\u00a0\u00a0Late\u00a0\u00a0(after 01.06.2023)\u00a0\u00a0\u00d6MG\u00a0Member\u20ac 235,00\u20ac 270,00Student, \u00d6MG Member\u00a0\u00a0\u20ac 115,00\u20ac 135,00Regular\u00a0\u20ac 280,00\u20ac 320,00Student\u00a0 \u00a0 \u00a0\u20ac 135,00\u20ac 170,00Accompanying person\u20ac 100,00\u20ac 100,00Teacher\u2019s day\u20ac 0,00\u20ac 0,00","rel":"","context":"Similar post","block_context":{"text":"Similar post","link":""},"img":{"alt_text":"","src":"","width":0,"height":0},"classes":[]}],"_links":{"self":[{"href":"https:\/\/oemg-tagung-2023.at\/wp-json\/wp\/v2\/pages\/419"}],"collection":[{"href":"https:\/\/oemg-tagung-2023.at\/wp-json\/wp\/v2\/pages"}],"about":[{"href":"https:\/\/oemg-tagung-2023.at\/wp-json\/wp\/v2\/types\/page"}],"author":[{"embeddable":true,"href":"https:\/\/oemg-tagung-2023.at\/wp-json\/wp\/v2\/users\/1"}],"replies":[{"embeddable":true,"href":"https:\/\/oemg-tagung-2023.at\/wp-json\/wp\/v2\/comments?post=419"}],"version-history":[{"count":13,"href":"https:\/\/oemg-tagung-2023.at\/wp-json\/wp\/v2\/pages\/419\/revisions"}],"predecessor-version":[{"id":747,"href":"https:\/\/oemg-tagung-2023.at\/wp-json\/wp\/v2\/pages\/419\/revisions\/747"}],"wp:attachment":[{"href":"https:\/\/oemg-tagung-2023.at\/wp-json\/wp\/v2\/media?parent=419"}],"curies":[{"name":"wp","href":"https:\/\/api.w.org\/{rel}","templated":true}]}}