{"id":277,"date":"2023-02-07T15:43:20","date_gmt":"2023-02-07T15:43:20","guid":{"rendered":"https:\/\/oemg-tagung-2023.at\/?page_id=277"},"modified":"2023-05-08T12:05:17","modified_gmt":"2023-05-08T12:05:17","slug":"unterkuenfte","status":"publish","type":"page","link":"https:\/\/oemg-tagung-2023.at\/unterkuenfte","title":{"rendered":"Accommodation"},"content":{"rendered":"\n<p>The following hotels have reserved allotments for conference participants:<\/p>\n\n\n\n<p>Austria Trend Hotel Graz <a href=\"https:\/\/www.austria-trend.at\/de\/hotels\/europa-graz\">https:\/\/www.austria-trend.at\/de\/hotels\/europa-graz<\/a><\/p>\n\n\n\n<p>Grand H\u00f4tel Wiesler <a href=\"https:\/\/grandhotelwiesler.com\">https:\/\/grandhotelwiesler.com<\/a><\/p>\n\n\n\n<p>Hotel Feichtinger <a href=\"https:\/\/www.hotel-feichtinger.at\/cityhotel-graz\/hotel\/\">https:\/\/www.hotel-feichtinger.at\/cityhotel-graz\/hotel\/<\/a><\/p>\n\n\n\n<p>Hotel Mariahilf <a href=\"https:\/\/hotelmariahilf.at\">https:\/\/hotelmariahilf.at<\/a><br>Booking with Reference &#8220;Mathematiker September&#8221;<\/p>\n\n\n\n<p>Hotel Mercure Graz City <a href=\"https:\/\/all.accor.com\/hotel\/5742\/index.de.shtml\">https:\/\/all.accor.com\/hotel\/5742\/index.de.shtml<\/a><\/p>\n\n\n\n<p>Hotel Weitzer <a href=\"https:\/\/hotelweitzer.com\">https:\/\/hotelweitzer.com<\/a><\/p>\n\n\n\n<p>Motel One Graz <a href=\"https:\/\/www.motel-one.com\/de\/hotels\/graz\/hotel-graz\/\">https:\/\/www.motel-one.com\/de\/hotels\/graz\/hotel-graz\/<\/a><br>Please use this Form: <a rel=\"noreferrer noopener\" href=\"https:\/\/oemg-tagung-2023.at\/wp-content\/uploads\/2023\/02\/Abrufformular_OeMG2023.pdf\" target=\"_blank\">Abrufformular-MO<\/a> <\/p>\n\n\n\n<p><\/p>\n\n\n\n<p><\/p>\n\n\n","protected":false},"excerpt":{"rendered":"<p>The following hotels have reserved allotments for conference participants: Austria Trend Hotel Graz https:\/\/www.austria-trend.at\/de\/hotels\/europa-graz Grand H\u00f4tel Wiesler https:\/\/grandhotelwiesler.com Hotel Feichtinger https:\/\/www.hotel-feichtinger.at\/cityhotel-graz\/hotel\/ Hotel Mariahilf https:\/\/hotelmariahilf.atBooking with Reference &#8220;Mathematiker September&#8221; Hotel Mercure Graz City https:\/\/all.accor.com\/hotel\/5742\/index.de.shtml Hotel Weitzer https:\/\/hotelweitzer.com Motel One Graz https:\/\/www.motel-one.com\/de\/hotels\/graz\/hotel-graz\/Please use this Form: Abrufformular-MO<\/p>\n","protected":false},"author":1,"featured_media":0,"parent":0,"menu_order":0,"comment_status":"closed","ping_status":"closed","template":"","meta":{"footnotes":""},"jetpack_sharing_enabled":true,"jetpack-related-posts":[{"id":7,"url":"https:\/\/oemg-tagung-2023.at\/","url_meta":{"origin":277,"position":0},"title":"Home","author":"oemg-admin","date":"13. September 2022","format":false,"excerpt":"\u00d6MG Meeting 2023 Graz, September 18-22, 2023 The biennial meeting of the Austrian Mathematical Society will be jointly organized by Karl-Franzens-University (KFU) and Graz University of Technology (TUG) in 2023. The venue of the meeting will be KFU. On Friday 22 September, the \u00d6MG Teachers' Day will be held as\u2026","rel":"","context":"Similar post","block_context":{"text":"Similar post","link":""},"img":{"alt_text":"","src":"","width":0,"height":0},"classes":[]},{"id":419,"url":"https:\/\/oemg-tagung-2023.at\/venue","url_meta":{"origin":277,"position":1},"title":"Venue","author":"oemg-admin","date":"8. August 2023","format":false,"excerpt":"The conference will take place in the building Anglistik\/Geographie\/Mathematik, Heinrichstra\u00dfe 36, 8010 Graz, at the main campus of the University of Graz, as well as in the neighboring building \"Heizhaus\". A campus map as well as useful information on how to get to the conference venue can be found here.\u2026","rel":"","context":"Similar post","block_context":{"text":"Similar post","link":""},"img":{"alt_text":"","src":"","width":0,"height":0},"classes":[]},{"id":322,"url":"https:\/\/oemg-tagung-2023.at\/programm","url_meta":{"origin":277,"position":2},"title":"Program","author":"oemg-admin","date":"15. February 2023","format":false,"excerpt":"Scientific program MondayTuesdayWednesdayThursdayFridaySep 18Sep 19Sep 20Sep 21Sep 22RegistrationRegistrationRegistrationRegistrationRegistration9:00-10:00Opening\/SchnassAlbrecherHairerBeiglb\u00f6ckWernerTeachers\u2019 dayCoffeeCoffeeCoffeeCoffeeCoffee10:30-11:30Mini symposia &Contributed talksMini symposia &Contributed talksSauermannMini symposia &Contributed talksMini symposia &Contributed talksMS & contr.talks13:30-14:00\u00d6MG Award ceremony14:00-15:00ScheichlR\u00fclandExcursionSchindler\u00d6MG Award lecturesCoffeeCoffeeCoffeeCoffeeMini symposia &Contributed talksMini symposia &Contributed talksMini symposia &Contributed talks\u00d6MG Award lectures17:00-18:00General assemblyReceptionDinnerPublic lecture A detailed schedule with names is included in the files\u2026","rel":"","context":"Similar post","block_context":{"text":"Similar post","link":""},"img":{"alt_text":"","src":"","width":0,"height":0},"classes":[]}],"_links":{"self":[{"href":"https:\/\/oemg-tagung-2023.at\/wp-json\/wp\/v2\/pages\/277"}],"collection":[{"href":"https:\/\/oemg-tagung-2023.at\/wp-json\/wp\/v2\/pages"}],"about":[{"href":"https:\/\/oemg-tagung-2023.at\/wp-json\/wp\/v2\/types\/page"}],"author":[{"embeddable":true,"href":"https:\/\/oemg-tagung-2023.at\/wp-json\/wp\/v2\/users\/1"}],"replies":[{"embeddable":true,"href":"https:\/\/oemg-tagung-2023.at\/wp-json\/wp\/v2\/comments?post=277"}],"version-history":[{"count":15,"href":"https:\/\/oemg-tagung-2023.at\/wp-json\/wp\/v2\/pages\/277\/revisions"}],"predecessor-version":[{"id":516,"href":"https:\/\/oemg-tagung-2023.at\/wp-json\/wp\/v2\/pages\/277\/revisions\/516"}],"wp:attachment":[{"href":"https:\/\/oemg-tagung-2023.at\/wp-json\/wp\/v2\/media?parent=277"}],"curies":[{"name":"wp","href":"https:\/\/api.w.org\/{rel}","templated":true}]}}