{"id":227,"date":"2023-01-26T08:31:16","date_gmt":"2023-01-26T08:31:16","guid":{"rendered":"https:\/\/oemg-tagung-2023.at\/?page_id=227"},"modified":"2023-10-06T15:53:45","modified_gmt":"2023-10-06T15:53:45","slug":"registrierung","status":"publish","type":"page","link":"https:\/\/oemg-tagung-2023.at\/registrierung","title":{"rendered":"Registration"},"content":{"rendered":"\n<p>Registration for the \u00d6MG-conference is closed. <\/p>\n\n\n\n<p><\/p>\n\n\n\n<h2 class=\"wp-block-heading\">Conference fees<\/h2>\n\n\n\n<figure class=\"wp-block-table\"><table><tbody><tr><td><\/td><td>Early<br>&nbsp;&nbsp;(before 31.05.2023)&nbsp;&nbsp;<\/td><td>Late<br>&nbsp;&nbsp;(after 01.06.2023)&nbsp;&nbsp;<\/td><\/tr><tr><td>\u00d6MG&nbsp;Member<\/td><td>\u20ac 235,00<\/td><td>\u20ac 270,00<\/td><\/tr><tr><td>Student, \u00d6MG Member&nbsp;&nbsp;<\/td><td>\u20ac 115,00<\/td><td>\u20ac 135,00<\/td><\/tr><tr><td>Regular&nbsp;<\/td><td>\u20ac 280,00<\/td><td>\u20ac 320,00<\/td><\/tr><tr><td>Student&nbsp; &nbsp; &nbsp;<\/td><td>\u20ac 135,00<\/td><td>\u20ac 170,00<\/td><\/tr><tr><td>Accompanying person<\/td><td>\u20ac 100,00<\/td><td>\u20ac 100,00<\/td><\/tr><tr><td>Teacher\u2019s day<\/td><td>\u20ac 0,00<\/td><td>\u20ac 0,00<\/td><\/tr><\/tbody><\/table><\/figure>\n","protected":false},"excerpt":{"rendered":"<p>Registration for the \u00d6MG-conference is closed. Conference fees Early&nbsp;&nbsp;(before 31.05.2023)&nbsp;&nbsp; Late&nbsp;&nbsp;(after 01.06.2023)&nbsp;&nbsp; \u00d6MG&nbsp;Member \u20ac 235,00 \u20ac 270,00 Student, \u00d6MG Member&nbsp;&nbsp; \u20ac 115,00 \u20ac 135,00 Regular&nbsp; \u20ac 280,00 \u20ac 320,00 Student&nbsp; &nbsp; &nbsp; \u20ac 135,00 \u20ac 170,00 Accompanying person \u20ac 100,00 \u20ac 100,00 Teacher\u2019s day \u20ac 0,00 \u20ac 0,00<\/p>\n","protected":false},"author":1,"featured_media":0,"parent":0,"menu_order":0,"comment_status":"closed","ping_status":"closed","template":"","meta":{"footnotes":""},"jetpack_sharing_enabled":true,"jetpack-related-posts":[{"id":322,"url":"https:\/\/oemg-tagung-2023.at\/programm","url_meta":{"origin":227,"position":0},"title":"Program","author":"oemg-admin","date":"15. February 2023","format":false,"excerpt":"Scientific program MondayTuesdayWednesdayThursdayFridaySep 18Sep 19Sep 20Sep 21Sep 22RegistrationRegistrationRegistrationRegistrationRegistration9:00-10:00Opening\/SchnassAlbrecherHairerBeiglb\u00f6ckWernerTeachers\u2019 dayCoffeeCoffeeCoffeeCoffeeCoffee10:30-11:30Mini symposia &Contributed talksMini symposia &Contributed talksSauermannMini symposia &Contributed talksMini symposia &Contributed talksMS & contr.talks13:30-14:00\u00d6MG Award ceremony14:00-15:00ScheichlR\u00fclandExcursionSchindler\u00d6MG Award lecturesCoffeeCoffeeCoffeeCoffeeMini symposia &Contributed talksMini symposia &Contributed talksMini symposia &Contributed talks\u00d6MG Award lectures17:00-18:00General assemblyReceptionDinnerPublic lecture A detailed schedule with names is included in the files\u2026","rel":"","context":"Similar post","block_context":{"text":"Similar post","link":""},"img":{"alt_text":"","src":"","width":0,"height":0},"classes":[]},{"id":7,"url":"https:\/\/oemg-tagung-2023.at\/","url_meta":{"origin":227,"position":1},"title":"Home","author":"oemg-admin","date":"13. September 2022","format":false,"excerpt":"\u00d6MG Meeting 2023 Graz, September 18-22, 2023 The biennial meeting of the Austrian Mathematical Society will be jointly organized by Karl-Franzens-University (KFU) and Graz University of Technology (TUG) in 2023. The venue of the meeting will be KFU. On Friday 22 September, the \u00d6MG Teachers' Day will be held as\u2026","rel":"","context":"Similar post","block_context":{"text":"Similar post","link":""},"img":{"alt_text":"","src":"","width":0,"height":0},"classes":[]},{"id":419,"url":"https:\/\/oemg-tagung-2023.at\/venue","url_meta":{"origin":227,"position":2},"title":"Venue","author":"oemg-admin","date":"8. August 2023","format":false,"excerpt":"The conference will take place in the building Anglistik\/Geographie\/Mathematik, Heinrichstra\u00dfe 36, 8010 Graz, at the main campus of the University of Graz, as well as in the neighboring building \"Heizhaus\". A campus map as well as useful information on how to get to the conference venue can be found here.\u2026","rel":"","context":"Similar post","block_context":{"text":"Similar post","link":""},"img":{"alt_text":"","src":"","width":0,"height":0},"classes":[]},{"id":277,"url":"https:\/\/oemg-tagung-2023.at\/unterkuenfte","url_meta":{"origin":227,"position":3},"title":"Accommodation","author":"oemg-admin","date":"7. February 2023","format":false,"excerpt":"The following hotels have reserved allotments for conference participants: Austria Trend Hotel Graz https:\/\/www.austria-trend.at\/de\/hotels\/europa-graz Grand H\u00f4tel Wiesler https:\/\/grandhotelwiesler.com Hotel Feichtinger https:\/\/www.hotel-feichtinger.at\/cityhotel-graz\/hotel\/ Hotel Mariahilf https:\/\/hotelmariahilf.atBooking with Reference \"Mathematiker September\" Hotel Mercure Graz City https:\/\/all.accor.com\/hotel\/5742\/index.de.shtml Hotel Weitzer https:\/\/hotelweitzer.com Motel One Graz https:\/\/www.motel-one.com\/de\/hotels\/graz\/hotel-graz\/Please use this Form: Abrufformular-MO","rel":"","context":"Similar post","block_context":{"text":"Similar post","link":""},"img":{"alt_text":"","src":"","width":0,"height":0},"classes":[]}],"_links":{"self":[{"href":"https:\/\/oemg-tagung-2023.at\/wp-json\/wp\/v2\/pages\/227"}],"collection":[{"href":"https:\/\/oemg-tagung-2023.at\/wp-json\/wp\/v2\/pages"}],"about":[{"href":"https:\/\/oemg-tagung-2023.at\/wp-json\/wp\/v2\/types\/page"}],"author":[{"embeddable":true,"href":"https:\/\/oemg-tagung-2023.at\/wp-json\/wp\/v2\/users\/1"}],"replies":[{"embeddable":true,"href":"https:\/\/oemg-tagung-2023.at\/wp-json\/wp\/v2\/comments?post=227"}],"version-history":[{"count":30,"href":"https:\/\/oemg-tagung-2023.at\/wp-json\/wp\/v2\/pages\/227\/revisions"}],"predecessor-version":[{"id":812,"href":"https:\/\/oemg-tagung-2023.at\/wp-json\/wp\/v2\/pages\/227\/revisions\/812"}],"wp:attachment":[{"href":"https:\/\/oemg-tagung-2023.at\/wp-json\/wp\/v2\/media?parent=227"}],"curies":[{"name":"wp","href":"https:\/\/api.w.org\/{rel}","templated":true}]}}